{"id":708,"date":"2025-03-07T19:00:23","date_gmt":"2025-03-07T19:00:23","guid":{"rendered":"https:\/\/webpages.ciencias.ulisboa.pt\/~frosas\/?page_id=708"},"modified":"2026-01-20T11:24:16","modified_gmt":"2026-01-20T11:24:16","slug":"main-publications","status":"publish","type":"page","link":"https:\/\/webpages.ciencias.ulisboa.pt\/~frosas\/index.php\/main-publications\/","title":{"rendered":"Main Publications"},"content":{"rendered":"<p>&nbsp;<\/p>\n<figure id=\"attachment_359\" aria-describedby=\"caption-attachment-359\" style=\"width: 378px\" class=\"wp-caption alignleft\"><img loading=\"lazy\" decoding=\"async\" class=\"wp-image-359\" src=\"http:\/\/webpages.ciencias.ulisboa.pt\/~frosas\/wp-content\/uploads\/2022\/11\/IMG_3243-2.jpg\" alt=\"\" width=\"378\" height=\"293\" \/><figcaption id=\"caption-attachment-359\" class=\"wp-caption-text\">Talk in Ci\u00eancias Research day 2023<\/figcaption><\/figure>\n<p>&nbsp;<\/p>\n<p><a href=\"https:\/\/www.scopus.com\/authid\/detail.uri?authorId=15737449500\">Scopus<\/a><\/p>\n<p><a href=\"https:\/\/scholar.google.com\/citations?user=FA4LenMAAAAJ&amp;hl=en\">Google Scholar<\/a><\/p>\n<p><a href=\"https:\/\/orcid.org\/0000-0002-6734-2916\">Orcid<\/a><\/p>\n<p>&nbsp;<\/p>\n<p>&nbsp;<\/p>\n<p>&nbsp;<\/p>\n<p>&nbsp;<\/p>\n<hr \/>\n<p><em><span style=\"color: #3366ff;\">* PhD student supervised by me at the time of the publication<\/span><\/em><\/p>\n<p><em><span style=\"color: #3366ff;\">** MSc student supervised by me at the time of the publication<\/span><\/em><\/p>\n<hr \/>\n<p><strong>2025<\/strong><\/p>\n<p>[38] Duarte, J. C., Riel, N., Civiero, C., Silva, S., <strong>Rosas, F. M.<\/strong>, Schellart, W. P., Almeida, J., Terrinha, P., and Ribeiro, A. Seismic evidence for oceanic plate delamination offshore Southwest Iberia.\u00a0<i>Nat. Geosci.<\/i>\u00a0<b>18<\/b>, 1034\u20131040 (2025). <a href=\"https:\/\/doi.org\/10.1038\/s41561-025-01781-6\">https:\/\/doi.org\/10.1038\/s41561-025-01781-6<\/a><\/p>\n<p>[37] <span style=\"color: #0000ff;\">*Gomes, A. S.<\/span>, <strong>Rosas, F. M.<\/strong>, Riel, N.,Schellart, W. P., Almeida, J., &amp; Duarte, J.C. (2025). Numerical geodynamicmodeling of buoyancy\u2010drivenTethyan\u2010type ophiolite emplacement. Tectonics, 44, e2024TC008625. <a href=\"https:\/\/doi.org\/10.1029\/2024TC008625\">https:\/\/doi.org\/10.1029\/2024TC008625<\/a><\/p>\n<p><strong>2024<\/strong><\/p>\n<p class=\"p2\">[36] Roque, Cristina; Gamboa, Davide; <strong>Rosas, Filipe M.<\/strong>; Nishida, Naohisa; Duarte, D\u00e9bora; Ducassou, Emmanuelle; Cristina Roque; et al. &#8220;An exceptional record ofsoft-sediment deformation within Pliocene deposits of Faro Drift (SW Iberiamargin) &#8211; IODP Expedition 339 Sites U1386 and U1387&#8221;. <strong><i>Marine Geology <\/i><\/strong>474(2024): 107335. <a href=\"https:\/\/doi.org\/10.1016\/j.margeo.2024.107335\"><span class=\"s3\">https:\/\/doi.org\/10.1016\/j.margeo.2024.107335<\/span><\/a>.<\/p>\n<p class=\"p2\">[35] Duarte, Jo\u00e3o C.; Riel, Nicolas; <strong>Rosas, Filipe M<\/strong>.; Popov, Anton; Schuler, Christian; Kaus, Boris J.P.. &#8220;Gibraltar subduction zone is invading the Atlantic&#8221;. <strong><i>Geology <\/i><\/strong>(2024): <a href=\"http:\/\/dx.doi.org\/10.1130\/g51654.1\"><span class=\"s3\">http:\/\/dx.doi.org\/10.1130\/g51654.1<\/span><\/a>.<\/p>\n<p><strong>2023<\/strong><\/p>\n<p class=\"p2\">[34] Nicolas Riel; Jo\u00e3o C. Duarte; Jaime Almeida; Boris J. P. Kaus; <strong>Filipe Rosas<\/strong>; Yamirka Rojas-Agramonte; Anton Popov. &#8220;Subduction initiation triggered theCaribbean large igneous province&#8221;. <strong><i>Nature Communications <\/i><\/strong>(2023): <a href=\"https:\/\/doi.org\/10.1038\/s41467-023-36419-x\"><span class=\"s3\">https:\/\/doi.org\/10.1038\/s41467-023-36419-x<\/span><\/a>.<\/p>\n<p class=\"p2\">[33] Schellart; V. Strak; A. Beniest; J.C. Duarte; <strong>F.M. Rosas<\/strong>. &#8220;Subduction invasion polarity switch from the Pacific to the Atlantic Ocean: A new geodynamicmodel of subduction initiation based on the Scotia Sea region&#8221;. <strong><i>Earth-Science Reviews <\/i><\/strong>(2023): <a href=\"https:\/\/doi.org\/10.1016\/j.earscirev.2022.104277\"><span class=\"s3\">https:\/\/doi.org\/10.1016\/j.earscirev.2022.104277<\/span><\/a>.<\/p>\n<p><strong>2022<\/strong><\/p>\n<p class=\"p2\">[32] <span style=\"color: #3366ff;\">*<\/span><span style=\"color: #0000ff;\">Jaime Almeida<\/span>; Nicolas Riel; <strong>Filipe M. Rosas<\/strong>; Jo\u00e3o C. Duarte; Boris Kaus. &#8220;Self-replicating subduction zone initiation by polarity reversal&#8221;. <strong><i>Communications Earth &amp; Environment <\/i><\/strong>3 1 (2022): <a href=\"https:\/\/doi.org\/10.1038\/s43247-022-00380-2\"><span class=\"s3\">https:\/\/doi.org\/10.1038\/s43247-022-00380-2<\/span><\/a>.<\/p>\n<p class=\"p2\">[31] Escada, Cl\u00e1udia; Represas, Patr\u00edcia; Santos, Fernando; Pereira, Ricardo; Mata, Jo\u00e3o; <strong>Rosas, Filipe M<\/strong>. &#8220;New evidence of Late Cretaceous magmatism on the offshore central West Iberian Margin (Estremadura Spur) from potential field data&#8221;. <strong><i>Tectonophysics <\/i><\/strong>832 (2022): 229354. <a href=\"http:\/\/dx.doi.org\/10.1016\/j.tecto.2022.229354\"><span class=\"s3\">http:\/\/dx.doi.org\/10.1016\/j.tecto.2022.229354<\/span><\/a>.<\/p>\n<p class=\"p2\">[30] Oliveira, Magda E.; Gomes, <span style=\"color: #3366ff;\">*<\/span>Afonso S.; <strong>Rosas, Filipe M.<\/strong>; Duarte, Jo\u00e3o C.; Fran\u00e7a, George S.; Almeida, Jaime C.; Fuck, Reinhardt A.. &#8220;Impact of crustal rheologyand inherited mechanical weaknesses on early continental rifting and initial evolution of double graben structural configurations: Insights from 2D numerical models&#8221;. <strong><i>Tectonophysics <\/i><\/strong>(2022): 229281. <a href=\"http:\/\/dx.doi.org\/10.1016\/j.tecto.2022.229281\"><span class=\"s3\">http:\/\/dx.doi.org\/10.1016\/j.tecto.2022.229281<\/span><\/a>.<\/p>\n<p class=\"p2\">[29] <span style=\"color: #3366ff;\">*J. <\/span><span style=\"color: #0000ff;\">Almeida<\/span>; N. Riel; <strong>F.M. Rosas<\/strong>; J.C. Duarte; W.P. Schellart. &#8220;Polarity-reversal subduction zone initiation triggered by buoyant plateau obstruction&#8221;. <strong><i>Earth and Planetary Science Letters <\/i><\/strong>577 (2022): 117195-117195. <a href=\"https:\/\/doi.org\/10.1016\/j.epsl.2021.117195\"><span class=\"s3\">https:\/\/doi.org\/10.1016\/j.epsl.2021.117195<\/span><\/a>.<\/p>\n<p><strong>2021<\/strong><\/p>\n<p class=\"p2\">[28] Ricardo Pereira; Jo\u00e3o Mata; Ricardo S. Ramalho; <strong>Filipe M. Rosas<\/strong>; Beatriz Silva; Patr\u00edcia Represas; Cl\u00e1udia Escada. &#8220;Nature, timing and magnitude of buriedLate Cretaceous magmatism on the central West Iberian Margin&#8221;. <strong><i>Basin Research <\/i><\/strong>(2021): <a href=\"https:\/\/doi.org\/10.1111\/bre.12640\"><span class=\"s3\">https:\/\/doi.org\/10.1111\/bre.12640<\/span><\/a>.<\/p>\n<p class=\"p2\">[27] Oliveira, Magda E.; Gomes, <span style=\"color: #3366ff;\">*<\/span>Afonso S.; Duarte, Jo\u00e3o C.; Fran\u00e7a, George S.; <strong>Rosas, Filipe M<\/strong>.; Fuck, Reinhardt A.; Silva, Fernando A.. &#8220;Evolution of parallel, obliqueand triple-junction rifts: Insights from analogue modelling&#8221;. <i><strong>Journal of South American Earth Sciences <\/strong><\/i>110 (2021): 103394. <a href=\"http:\/\/dx.doi.org\/10.1016\/j.jsames.2021.103394\"><span class=\"s3\">http:\/\/dx.doi.org\/10.1016\/j.jsames.2021.103394<\/span><\/a>.<\/p>\n<p class=\"p2\">[26] Ricardo Pereira; <strong>Filipe Rosas<\/strong>; Jo\u00e3o Mata; Patr\u00edcia Represas; Cl\u00e1udia Escada; Beatriz Silva. &#8220;Interplay of tectonics and magmatism during post-rift inversionon the central West Iberian Margin (Estremadura Spur)&#8221;. <strong><i>Basin Research <\/i><\/strong>33 2(2021): 1497-1519. <a href=\"https:\/\/doi.org\/10.1111\/bre.12524\"><span class=\"s3\">https:\/\/doi.org\/10.1111\/bre.12524<\/span><\/a>.<\/p>\n<p><strong>2020<\/strong><\/p>\n<p class=\"p2\">[25] Fanny Goussin; Nicolas Riel; Carole Cordier; St\u00e9phane Guillot; Philippe Boulvais; Pierrick Roperch; Anne Replumaz; Karel Schulmann; Guillaume Dupont-Nivet; <strong>Filipe Rosas<\/strong>; Zhaojie Guo. &#8220;Carbonated Inheritance in the EasternTibetan Lithospheric Mantle: Petrological Evidences and GeodynamicImplications&#8221;. <strong><i>Geochemistry, Geophysics, Geosystems <\/i><\/strong>(2020): <a href=\"https:\/\/doi.org\/10.1029\/2019GC008495\"><span class=\"s3\">https:\/\/doi.org\/10.1029\/2019GC008495<\/span><\/a>.<\/p>\n<p><strong>2019<\/strong><\/p>\n<p class=\"p2\">[24] W. P. Schellart; Z. Chen; V. Strak; J. C. Duarte; <strong>F. M. Rosas<\/strong>. &#8220;Pacific subduction control on Asian continental deformation including Tibetan extension and eastward extrusion tectonics&#8221;. <strong><i>Nature Communications <\/i><\/strong>(2019): <a href=\"https:\/\/doi.org\/10.1038\/s41467-019-12337-9\"><span class=\"s3\">https:\/\/doi.org\/10.1038\/s41467-019-12337-9<\/span><\/a>.<\/p>\n<p class=\"p2\">[23] <span style=\"color: #3366ff;\">**<\/span><span style=\"color: #0000ff;\">Gomes, A.S.<\/span>; <strong>F.M. Rosas<\/strong>; Duarte, J.C.; Schellart, W.P.; Almeida, J.; Strak, V. &#8220;Analogue modelling of brittle shear zone propagation acrossupper crustal morpho-rheological heterogeneities&#8221;. <strong><i>Journal of Structural Geology <\/i><\/strong>(2019): <a href=\"http:\/\/dx.doi.org\/10.1016\/j.jsg.2019.06.004\"><span class=\"s3\">http:\/\/dx.doi.org\/10.1016\/j.jsg.2019.06.004<\/span><\/a>.<\/p>\n<p><strong>2018<\/strong><\/p>\n<p>[22] Duarte, J.C.; Schellart, W.P.; <strong>Rosas, F.M<\/strong>.. &#8220;The future of Earth&#8217;s oceans: consequences of subduction initiation in the Atlantic and implications for supercontinent formation&#8221;. <strong><i>Geological Magazine <\/i><\/strong>(2018): 1-14. <a href=\"http:\/\/www.scopus.com\/inward\/record.url?eid=2-s2.0-84989958277&amp;partnerID=MN8TOARS\"><span class=\"s3\">http:\/\/www.scopus.com\/inward\/record.url?eid=2-s2.0-84989958277&amp;partnerID=MN8TOARS<\/span><\/a><\/p>\n<p><strong>2017<\/strong><\/p>\n<p class=\"p2\">[20] <strong>F.M. Rosas<\/strong>; J.C. Duarte; P. Almeida; W.P. Schellart; N. Riel; P. Terrinha. &#8220;Analogue modelling of thrust systems: Passive vs. active hanging wall strain accommodation and sharp vs. smooth fault-ramp geometries&#8221;. <strong><i>Journal of Structural Geology <\/i><\/strong>99 (2017): 45-69. <a href=\"https:\/\/doi.org\/10.1016%2Fj.jsg.2017.05.002\"><span class=\"s3\">https:\/\/doi.org\/10.1016%2Fj.jsg.2017.05.002<\/span><\/a>.<\/p>\n<p><strong>2016<\/strong><\/p>\n<p>[21] <strong>Rosas, F.M.<\/strong>, Duarte, J.C., Schellart, W.P., Tom\u00e1s, R., Terrinha, P. &#8220;<span class=\"Typography-module__lVnit Typography-module__Nfgvc Button-module__Imdmt\">Seismic Potential of Thrust-Wrench Tectonic Interference between Major Active Faults Offshore SW Iberia: A New Explanation for the 1755 Great Lisbon Earthquake?&#8221;. <strong><span class=\"Typography-module__lVnit Typography-module__fRnrd Typography-module__Nfgvc\">Plate Boundaries and Natural Hazards<\/span><\/strong>,\u00a0<span class=\"Typography-module__lVnit Typography-module__fRnrd Typography-module__Nfgvc\">2016, pp. 193\u2013217. <a href=\"https:\/\/doi.org\/10.1002\/9781119054146.ch9\">https:\/\/doi.org\/10.1002\/9781119054146.ch9<\/a><\/span><\/span><\/p>\n<p><strong>2015<\/strong><\/p>\n<p class=\"p2\">[19]<strong> Rosas F.M.<\/strong>; Duarte, J.C.; Schellart, W.P.; Tom\u00e1s, R.; Grigorova, V.; Terrinha, P. &#8220;Analogue modelling of different angle thrust-wrench fault interference in abrittle medium&#8221;. <strong><i>Journal of Structural Geology <\/i><\/strong>74 (2015): 81-104. <a href=\"http:\/\/www.scopus.com\/inward\/record.url?eid=2-s2.0-84925824124&amp;partnerID=MN8TOARS\"><span class=\"s3\">http:\/\/www.scopus.com\/inward\/record.url?eid=2-s2.0-84925824124&amp;partnerID=MN8TOARS<\/span><\/a>.<\/p>\n<p class=\"p2\">[18] M\u00e9riaux, C.A.; Duarte, J.C.; Duarte, S.S.; Schellart, W.P.; Chen, Z.; <strong>Rosas, F.<\/strong>; Mata,J.; Terrinha, P.. &#8220;Capture of the Canary mantle plume material by the Gibraltar arc mantle wedge during slab rollback&#8221;. <strong><i>Geophysical Journal International <\/i><\/strong>(2015): 1717-1721. <a href=\"http:\/\/www.scopus.com\/inward\/record.url?eid=2-s2.0-84929774193&amp;partnerID=MN8TOARS\"><span class=\"s3\">http:\/\/www.scopus.com\/inward\/record.url?eid=2-s2.0-84929774193&amp;partnerID=MN8TOARS<\/span><\/a>.<\/p>\n<p><strong>2014<\/strong><\/p>\n<p>[17]\u00a0Duarte, J.C.; <strong>Rosas, F.M.<\/strong>; Terrinha, P.; Schellart, W.P.; Boutelier, D.; Gutscher, M.-A.; Ribeiro, A.. &#8220;Are subduction zones invading the atlantic? Evidence from thesouthwest iberia margin&#8221;. <strong><i>Geology <\/i><\/strong>42 3 (2014): <a href=\"http:\/\/www.scopus.com\/inward\/record.url?eid=2-s2.0-84894787944&amp;partnerID=MN8TOARS\"><span class=\"s3\">http:\/\/www.scopus.com\/inward\/record.url?eid=2-s2.0-84894787944&amp;partnerID=MN8TOARS<\/span><\/a>.<\/p>\n<p>[16]<strong> Rosas, F.M.<\/strong>; Terrinha, P.; Duarte, J.; Baptista, L.; Kullberg, C.; Almeida, J.; Barata,F.; et al. &#8220;Analog modelling of strike-slip fault (lateral) propagation from anelastic to a viscous medium: Insights from trial experiments&#8221;. <strong><i>Comunicacoes Geologicas <\/i><\/strong>101 Special Is (2014): 1429-1432<\/p>\n<p><strong>2013<\/strong><\/p>\n<p>[15] Duarte, Joao C.; <strong>Rosas, Filipe M<\/strong>.; Terrinha, Pedro; Schellart, Wouter P.; Boutelier,David; Gutscher, Marc-Andre; Ribeiro, Antonio. &#8220;Are subduction zones invadingthe Atlantic? Evidence from the southwest Iberia margin&#8221;. <strong><i>Geology <\/i><\/strong>41 8 (2013):839-842. <a href=\"https:\/\/doi.org\/10.1130\/G34100.1\">https:\/\/doi.org\/10.1130\/G34100.1<\/a>.<\/p>\n<p class=\"p2\"><span style=\"color: #3366ff;\"><span style=\"color: #000000;\">[14]<\/span> **<\/span><span style=\"color: #0000ff;\">Keppler, R.<\/span>; <strong>Rosas, F.M.<\/strong>; Nagel, T.J.. &#8220;Thin viscous middle-crust and evolving fault distribution during continental rifting: Insights from analog modeling experiments&#8221;. <strong><i>Tectonophysics <\/i><\/strong>608 (2013): 161-175. <a href=\"http:\/\/www.scopus.com\/inward\/record.url?eid=2-s2.0-84887816063&amp;partnerID=MN8TOARS\"><span class=\"s3\">http:\/\/www.scopus.com\/inward\/record.url?eid=2-s2.0-84887816063&amp;partnerID=MN8TOARS<\/span><\/a>.<\/p>\n<p><strong>2012<\/strong><\/p>\n<p class=\"p2\">[13]<strong> Rosas, F.M.<\/strong>; *Duarte, J.C.; Neves, M.C.; Terrinha, P.; Silva, S.; Matias, L.; Gr\u00e0cia, E.; Bartolome, R.. &#8220;Thrust-wrench interference between major active faults in the Gulf of Cadiz (Africa-Eurasia plate boundary, offshore SW Iberia): Tectonic implications from coupled analog and numerical modeling&#8221;. <strong><i>Tectonophysics <\/i><\/strong>548-549 (2012): 1-21. <a href=\"http:\/\/www.scopus.com\/inward\/record.url?eid=2-s2.0-84862115104&amp;partnerID=MN8TOARS\"><span class=\"s3\">http:\/\/www.scopus.com\/inward\/record.url?eid=2-s2.0-84862115104&amp;partnerID=MN8TOARS<\/span><\/a>.<\/p>\n<p class=\"p2\">[12] Gutscher, M.-A.; Dominguez, S.; Westbrook, G.K.; Le Roy, P.; <strong>Rosas, F.<\/strong>; Duarte, J.C.; Terrinha, P.; et al. &#8220;The Gibraltar subduction: A decade of new geophysical data&#8221;. <strong><i>Tectonophysics <\/i><\/strong>574-575 (2012): 72-91. <a href=\"http:\/\/www.scopus.com\/inward\/record.url?eid=2-s2.0-84867273669&amp;partnerID=MN8TOARS\"><span class=\"s3\">http:\/\/www.scopus.com\/inward\/record.url?eid=2-s2.0-84867273669&amp;partnerID=MN8TOARS<\/span><\/a>.<\/p>\n<p class=\"p2\">[11] Cunha, T.A.; Matias, L.M.; Terrinha, P.; Negredo, A.M.; <strong>Rosas, F.<\/strong>; Fernandes, R.M.S.; Pinheiro, L.M.. &#8220;Neotectonics of the SW Iberia margin, Gulf of Cadiz and Alboran Sea: A reassessment including recent structural, seismic and geodetic data&#8221;. <strong><i>Geophysical Journal International <\/i><\/strong>188 3 (2012): 850-872. <a href=\"http:\/\/www.scopus.com\/inward\/record.url?eid=2-s2.0-84857039409&amp;partnerID=MN8TOARS\"><span class=\"s3\">http:\/\/www.scopus.com\/inward\/record.url?eid=2-s2.0-84857039409&amp;partnerID=MN8TOARS<\/span><\/a>.<\/p>\n<p><strong>2011<\/strong><\/p>\n<p class=\"p2\"><span style=\"color: #3366ff;\"><span style=\"color: #000000;\">[10]<\/span> *<\/span><span style=\"color: #0000ff;\">Duarte, J.C.<\/span>; <strong>Rosas, F.M.<\/strong>; Terrinha, P.; Gutscher, M.-A.; Malavieille, J.; Silva, S.; Matias, L. &#8220;Thrust-wrench interference tectonics in the Gulf of Cadiz (Africa-Iberia plate boundary in the North-East Atlantic): Insights from analog models&#8221;. <i><strong>Marine Geology<\/strong> <\/i>289 1-4 (2011): 135-149. <a href=\"http:\/\/www.scopus.com\/inward\/record.url?eid=2-s2.0-80355145821&amp;partnerID=MN8TOARS\"><span class=\"s3\">http:\/\/www.scopus.com\/inward\/record.url?eid=2-s2.0-80355145821&amp;partnerID=MN8TOARS<\/span><\/a>.<\/p>\n<p><strong>2010<\/strong><\/p>\n<p class=\"p2\"><span style=\"color: #3366ff;\"><span style=\"color: #000000;\">[09] <\/span>**<\/span><span style=\"color: #0000ff;\">Duarte, J.C.<\/span>; Terrinha, P.; <strong>Rosas, F.M.<\/strong>; Valadares, V.; Pinheiro, L.M.; Matias, L.; Magalh\u00e3es, V.; Roque, C.. &#8220;Crescent-shaped morphotectonic features in the Gulf of Cadiz (offshore SW Iberia)&#8221;. <i><strong>Marine Geology<\/strong> <\/i>271 3-4 (2010): 236-249. <a href=\"http:\/\/www.scopus.com\/inward\/record.url?eid=2-s2.0-77950519806&amp;partnerID=MN8TOARS\"><span class=\"s3\">http:\/\/www.scopus.com\/inward\/record.url?eid=2-s2.0-77950519806&amp;partnerID=MN8TOARS<\/span><\/a>.<\/p>\n<p><strong>2009<\/strong><\/p>\n<p>[08] M.-A. Gutscher, S. Dominguez, G. K. Westbrook, P. Gente, N. Babonneau, T. Mulder, E. Gonthier, R. Bartolome, J. Luis, <strong>F. Rosas<\/strong>, P. Terrinha, The Delila and DelSis Scientific Teams. &#8220;Tectonic shortening and gravitational spreadingin the Gulf of Cadiz accretionary wedge: Observations from multi-beambathymetry and seismic profiling&#8221;. <strong><i>Marine and Petroleum Geology <\/i><\/strong>26 5 (2009):647-659. <a href=\"http:\/\/www.scopus.com\/inward\/record.url?eid=2-s2.0-67349128699&amp;partnerID=MN8TOARS\"><span class=\"s3\">http:\/\/www.scopus.com\/inward\/record.url?eid=2-s2.0-67349128699&amp;partnerID=MN8TOARS<\/span><\/a>.<\/p>\n<p class=\"p2\">[07] Neves, M.C.; Terrinha, P.; Afilhado, A.; Moulin, M.; Matias, L.; <strong>Rosas, F<\/strong>. &#8220;Response of a multi-domain continental margin to compression: Study from seismic reflection-refraction and numerical modelling in the Tagus Abyssal Plain&#8221;.<strong><i>Tectonophysics <\/i><\/strong>468 1-4 (2009): 113-130. <a href=\"http:\/\/www.scopus.com\/inward\/record.url?eid=2-s2.0-62549126883&amp;partnerID=MN8TOARS\"><span class=\"s3\">http:\/\/www.scopus.com\/inward\/record.url?eid=2-s2.0-62549126883&amp;partnerID=MN8TOARS<\/span><\/a>.<\/p>\n<p class=\"p2\">[06] Terrinha, P.; Matias, L.; Vicente, J.; Duarte, J.; Lu\u00eds, J.; Pinheiro, L.; Louren\u00e7o, N.; Diez, S.; <strong>Rosas, F.<\/strong>; Magalhaes, V.; Valadares, V.; Zitellini, N. &#8220;Morphotectonics and strain partitioning at the Iberia-Africa plate boundaryfrom multibeam and seismic reflection data&#8221;. <strong><i>Marine Geology <\/i><\/strong>267 3-4 (2009):156-174. <a href=\"http:\/\/www.scopus.com\/inward\/record.url?eid=2-s2.0-70449726440&amp;partnerID=MN8TOARS\"><span class=\"s3\">http:\/\/www.scopus.com\/inward\/record.url?eid=2-s2.0-70449726440&amp;partnerID=MN8TOARS<\/span><\/a>.<\/p>\n<p class=\"p2\">[05] <strong>Rosas, F.M.<\/strong>; Duarte, J.C.; Terrinha, P.; Valadares, V.; Matias, L.. &#8220;Morphotectoniccharacterization of major bathymetric lineaments in Gulf of Cadiz (Africa-Iberiaplate boundary): Insights from analogue modelling experiments&#8221;. <strong><i>Marine Geology <\/i><\/strong>261 1-4 (2009): 33-47. <a href=\"http:\/\/www.scopus.com\/inward\/record.url?eid=2-s2.0-67349125472&amp;partnerID=MN8TOARS\"><span class=\"s3\">http:\/\/www.scopus.com\/inward\/record.url?eid=2-s2.0-67349125472&amp;partnerID=MN8TOARS<\/span><\/a>.<\/p>\n<p><strong>2008<\/strong><\/p>\n<p class=\"p2\">[04]<strong> Rosas, F.M<\/strong>.; Marques, F.O.; Ball\u00e8vre, M.; Tassinari, C.. &#8220;Geodynamic evolution ofthe SW Variscides: Orogenic collapse shown by new tectonometamorphic andisotopic data from western Ossa-Morena Zone, SW Iberia&#8221;. <strong><i>Tectonics <\/i><\/strong>27 6(2008): <a href=\"http:\/\/www.scopus.com\/inward\/record.url?eid=2-s2.0-62149106000&amp;partnerID=MN8TOARS\"><span class=\"s3\">http:\/\/www.scopus.com\/inward\/record.url?eid=2-s2.0-62149106000&amp;partnerID=MN8TOARS<\/span><\/a>.<\/p>\n<p><strong>2002<\/strong><\/p>\n<p class=\"p2\">[03]<strong> Rosas, F.<\/strong>; Marques, F.O.; Luz, A.; Coelho, S.. &#8220;Sheath folds formed by draginduced by rotation of rigid inclusions in viscous simple shear flow: Nature andexperiment&#8221;.<strong> <i>Journal of Structural Geology <\/i><\/strong>24 1 (2002): 45-55. <a href=\"http:\/\/www.scopus.com\/inward\/record.url?eid=2-s2.0-0036131828&amp;partnerID=MN8TOARS\"><span class=\"s3\">http:\/\/www.scopus.com\/inward\/record.url?eid=2-s2.0-0036131828&amp;partnerID=MN8TOARS<\/span><\/a>.<\/p>\n<p><strong>2001<\/strong><\/p>\n<p><strong>Rosas, F.M.<\/strong>, Marques, F.O., Coelho, S., Fonseca, P. &#8220;Sheath fold development in bulk simple shear: Analogue modelling of natural examples froms the Southern Iberian Variscan fold belt&#8221;. <strong>Memoir of the Geological Society of America<\/strong>, 2001, 193, pp. 101\u2013110. <a href=\"https:\/\/doi.org\/10.1130\/0-8137-1193-2.101\">https:\/\/doi.org\/10.1130\/0-8137-1193-2.101<\/a><\/p>\n<div data-testid=\"author-list\"><strong>1999<\/strong><\/div>\n<div data-testid=\"author-list\">\u00a0<\/div>\n<div data-testid=\"author-list\">[1] Fonseca, Paulo; Munh\u00e1, Jos\u00e9; Pedro, Jorge; <strong>Rosas, Filipe<\/strong>; Moita, Patr\u00edcia; Ara\u00fajo,Ant\u00f3nio Alexandre; Leal, Nuno; et al. &#8220;Variscan Ophiolites and High-PressureMetamorphism In Southern Iberia&#8221;. <i><strong>Ofioliti<\/strong> <\/i>24 2 (1999): 259-268. <a href=\"https:\/\/www.ofioliti.it\/index.php\/ofioliti\/article\/view\/106\">https:\/\/doi.org\/10.4454\/ofioliti.v24i2.106<\/a>\u00a0<\/div>\n<p class=\"p2\">\u00a0<\/p>\n\n\n<p><\/p>\n","protected":false},"excerpt":{"rendered":"<p>&nbsp; &nbsp; Scopus Google Scholar Orcid &nbsp; &nbsp; &nbsp; &nbsp; * PhD student supervised by me at the time of the publication ** MSc student supervised by me at the time of the publication 2025 [38] Duarte, J. C., Riel, N., Civiero, C., Silva, S., Rosas, F. M., Schellart, W. P., Almeida, J., Terrinha, P., &hellip; <\/p>\n<p class=\"link-more\"><a href=\"https:\/\/webpages.ciencias.ulisboa.pt\/~frosas\/index.php\/main-publications\/\" class=\"more-link\">Continuar a ler <span class=\"screen-reader-text\">&#8220;Main Publications&#8221;<\/span><\/a><\/p>\n","protected":false},"author":1,"featured_media":0,"parent":0,"menu_order":0,"comment_status":"closed","ping_status":"closed","template":"","meta":{"footnotes":""},"class_list":["post-708","page","type-page","status-publish","hentry"],"_links":{"self":[{"href":"https:\/\/webpages.ciencias.ulisboa.pt\/~frosas\/index.php\/wp-json\/wp\/v2\/pages\/708","targetHints":{"allow":["GET"]}}],"collection":[{"href":"https:\/\/webpages.ciencias.ulisboa.pt\/~frosas\/index.php\/wp-json\/wp\/v2\/pages"}],"about":[{"href":"https:\/\/webpages.ciencias.ulisboa.pt\/~frosas\/index.php\/wp-json\/wp\/v2\/types\/page"}],"author":[{"embeddable":true,"href":"https:\/\/webpages.ciencias.ulisboa.pt\/~frosas\/index.php\/wp-json\/wp\/v2\/users\/1"}],"replies":[{"embeddable":true,"href":"https:\/\/webpages.ciencias.ulisboa.pt\/~frosas\/index.php\/wp-json\/wp\/v2\/comments?post=708"}],"version-history":[{"count":32,"href":"https:\/\/webpages.ciencias.ulisboa.pt\/~frosas\/index.php\/wp-json\/wp\/v2\/pages\/708\/revisions"}],"predecessor-version":[{"id":820,"href":"https:\/\/webpages.ciencias.ulisboa.pt\/~frosas\/index.php\/wp-json\/wp\/v2\/pages\/708\/revisions\/820"}],"wp:attachment":[{"href":"https:\/\/webpages.ciencias.ulisboa.pt\/~frosas\/index.php\/wp-json\/wp\/v2\/media?parent=708"}],"curies":[{"name":"wp","href":"https:\/\/api.w.org\/{rel}","templated":true}]}}